{"id":5,"date":"2024-06-21T02:40:54","date_gmt":"2024-06-21T00:40:54","guid":{"rendered":"http:\/\/miroitf.cluster023.hosting.ovh.net\/index.php\/one-page-express\/"},"modified":"2026-03-01T12:11:37","modified_gmt":"2026-03-01T11:11:37","slug":"accueil","status":"publish","type":"page","link":"https:\/\/miroiteriemoderne.fr\/","title":{"rendered":"Accueil"},"content":{"rendered":"<div  data-label=\"Overlapable\" data-id=\"stripped-features-overlapped-icons-section\" data-category=\"overlapable\" class=\"features-overlapped-icons-section stripped-features-overlapped-icons-section\" data-overlap=\"true\" id=\"overlapable-4\" style=\"background-color: rgb(255, 255, 255);\">\n<div  class=\"gridContainer\">\n<div  class=\"features-overlapped-icons-featuresrow flexbox-list\" data-type=\"row\">\n<div  class=\"features-large-icons-featcol cp3cols cp6cols-tablet\">\n<div  class=\"features-overlapped-icons-featinnerrow\">\n<div  class=\"features-icon-container\"><i  data-cp-fa=\"true\" class=\"font-icon-features-icon-container fa fa-wrench\"><\/i><\/div>\n<h4  class=\"\">D\u00e9pannage 24h\/24<\/h4>\n<div  class=\"overlappable_card_text\">\n<p  class=\"\">Un bris de glace ? \u00c7a arrive ! <b >Nous rempla\u00e7ons votre verre \u00e0 l\u2019identique<\/b> vite, bien et sans prise de t\u00eate.&nbsp;&nbsp;<\/p>\n\n<\/div>\n<div ><a  href=\"#\" class=\"\" target=\"_self\">Comment faire ?<\/a><\/div>\n<\/div>\n<\/div>\n<div  class=\"features-large-icons-featcol cp3cols cp6cols-tablet\">\n<div  class=\"features-overlapped-icons-featinnerrow\">\n<div  class=\"features-icon-container\"><i  data-cp-fa=\"true\" class=\"font-icon-features-icon-container fa fa-rocket\"><\/i><\/div>\n<h4  class=\"\">D\u00e9lais records<\/h4>\n<div  class=\"overlappable_card_text\">\n<p  class=\"\"><b >24h entre votre appel et un r\u00e9sultat impeccable<\/b>. Appelez-nous maintenant pour avoir votre devis.<\/p>\n\n<\/div>\n<div ><a  href=\"#\" class=\"\" target=\"_self\">En savoir plus<\/a><\/div>\n<\/div>\n<\/div><div  class=\"features-large-icons-featcol cp3cols cp6cols-tablet\">\n<div  class=\"features-overlapped-icons-featinnerrow\">\n<div  class=\"features-icon-container\"><i  data-cp-fa=\"true\" class=\"font-icon-features-icon-container fa fa-euro\"><\/i><\/div>\n<h4  class=\"\">Tarifs agr\u00e9es<\/h4>\n<div  class=\"overlappable_card_text\">\n<p  class=\"\">Nos tarifs \u00e9tant agr\u00e9\u00e9s toute assurance, <b >il ne vous restera&nbsp; que la franchise \u00e0 payer<\/b>.&nbsp;<\/p>\n\n<\/div>\n<div ><a  href=\"#tarifs\" class=\"\" target=\"_self\">En savoir plus<\/a><\/div>\n<\/div>\n<\/div>\n<div  class=\"features-large-icons-featcol cp3cols cp6cols-tablet\">\n<div  class=\"features-overlapped-icons-featinnerrow\">\n<div  class=\"features-icon-container\"><i  data-cp-fa=\"true\" class=\"font-icon-features-icon-container fa fa-flash\"><\/i><\/div>\n<h4  class=\"\">Devis imm\u00e9diat<\/h4>\n<div  class=\"overlappable_card_text\">\n<p  class=\"\">Transparence totale : on vous annonce <b >un tarif clair et d\u00e9finitif par t\u00e9l\u00e9phone<\/b>, avant tout rendez-vous.&nbsp;<\/p>\n\n<\/div>\n<div ><a  href=\"#\" class=\"\" target=\"_self\">Demander mon devis<\/a><\/div>\n<\/div>\n<\/div>\n\n<\/div>\n<\/div>\n<\/div><div  id=\"tarifs\" class=\"about-four-boxes-section\" style=\"background-color: #ffffff;\" data-label=\"Tarifs\" data-id=\"about-four-boxes-section\" data-category=\"about\">\n<div  class=\"gridContainer\">\n<div  class=\"about-four-boxes-innerrow flexbox-list\">\n<div  class=\"about-four-boxes-imgcol\" style=\"background-image: url('https:\/\/miroiteriemoderne.fr\/wp-content\/uploads\/2025\/08\/vitrine_cassee_paris.jpg');\" data-bg=\"image\">&nbsp;<\/div>\n<div  class=\"about-four-boxes-textcol\" data-type=\"column\">\n<h2  class=\"\">Nos Tarifs<\/h2>\n<h6  class=\"\">prix de d\u00e9pannage vitrerie 2025*<\/h6>\n<ul  class=\"leaders\">\n \t<li ><span >Remplacement verre simple<\/span> <span >d\u00e8s 180\u20acHT<\/span><\/li>\n \t<li ><span >Remplacement double vitrage<\/span> <span >d\u00e8s 300\u20acHT<\/span><\/li>\n \t<li ><span >Remplacement miroir<\/span> <span >d\u00e8s 260\u20acHT<\/span><\/li>\n \t<li ><span >Remplacement verre feuillet\u00e9<\/span> <span >d\u00e8s 350\u20acHT<\/span><\/li>\n \t<li ><span >R\u00e9paration de vitrine<\/span> <span >d\u00e8s 180\u20acHT<\/span><\/li>\n \t<li ><span >Pose de fen\u00eatre<\/span> <span >d\u00e8s 260\u20acHT<\/span><\/li>\n<\/ul>\n<\/div>\n<div  class=\"about-four-boxes-textcol\" data-type=\"column\">\n<h6  class=\"\">Forfait sp\u00e9cial pour syndics : remplacement de vitre de porte d\u2019entr\u00e9e<\/h6>\n<p  class=\"\"><b >(Quelles que soient les mesures)<\/b><\/p>\n\n<ul  class=\"leaders\">\n \t<li ><span >Remplacement verre demi-porte<\/span> <span >xxx\u20acHT<\/span><\/li>\n \t<li ><span >Remplacement verre porte enti\u00e8re<\/span> <span >xxx\u20acHT<\/span><\/li>\n<\/ul>\n<p  class=\"\">Tous nos prix comprennent notre d\u00e9placement pour prise de c\u00f4tes, retrait du vitrage cass\u00e9, renvoi aux d\u00e9charges, traitement des d\u00e9chets et<b > remplacement de vitrage \u00e0 l\u2019identique<\/b><\/p>\n\n\n<p  class=\"\">Experts aupr\u00e8s des assurances habitation, <b >100% de nos factures sont rembours\u00e9es \u00e0 nos clients depuis 1992<\/b><\/p>\n\n<p  class=\"\">*Petit plus ? Nous offrons la franchise aux clients les plus attentifs<\/p><\/div>\n<div  class=\"about-four-boxes-imgcol2\" style=\"background-image: url('https:\/\/miroiteriemoderne.fr\/wp-content\/uploads\/2024\/06\/pose-vitrine.jpg');\" data-bg=\"image\">&nbsp;<\/div>\n<\/div>\n<\/div>\n<\/div><div  id=\"features-2\" class=\"features-image-cards-section\" style=\"background-color: #ffffff;\" data-label=\"Features\" data-id=\"features-image-cards-section\" data-category=\"features\">\n<div  class=\"gridContainer\">\n<div  class=\"features-image-cards-textrow\">\n<div  class=\"features-image-cards-textcol dynamic-color\" data-type=\"column\">\n<h2  class=\"\">Nos services de vitrerie<\/h2>\n<p  class=\"\">La Miroiterie Moderne r\u00e9alise vos projets de vitrerie et miroiterie les plus complexes.&nbsp;Que vous soyez particulier, professionnel, syndic ou architecte, vous pouvez compter sur nos vitriers qualifi\u00e9s pour intervenir \u00e0 Paris et en \u00cele-de-France.<\/p>\n\n<\/div>\n<\/div>\n<div  class=\"features-image-cards-innerrow flexbox-list dark-text\" data-type=\"row\">\n<div  class=\"features-image-cards-cardcol cp4cols cp6cols-tablet\">\n<div  class=\"features-image-cards-cardrow\"><img  decoding=\"async\" class=\"features-image-cards-featimg\" src=\"https:\/\/miroiteriemoderne.fr\/wp-content\/uploads\/2025\/09\/pose_miroir_paris.jpg\" alt=\"\">\n<div  class=\"features-image-cards-cardtextrow\" data-type=\"column\">\n<h4  class=\"\">Pose de miroir<\/h4>\n<\/div>\n<\/div>\n<\/div>\n<div  class=\"features-image-cards-cardcol cp4cols cp6cols-tablet\">\n<div  class=\"features-image-cards-cardrow\"><img  decoding=\"async\" class=\"features-image-cards-featimg\" src=\"https:\/\/miroiteriemoderne.fr\/wp-content\/uploads\/2025\/09\/installation_fenetre_paris.jpg\" alt=\"\">\n<div  class=\"features-image-cards-cardtextrow\" data-type=\"column\">\n<h4  class=\"\">Pose de fen\u00eatre<\/h4>\n<\/div>\n<\/div>\n<\/div>\n<div  class=\"features-image-cards-cardcol cp4cols cp6cols-tablet\">\n<div  class=\"features-image-cards-cardrow\"><img  decoding=\"async\" class=\"features-image-cards-featimg\" src=\"https:\/\/miroiteriemoderne.fr\/wp-content\/uploads\/2025\/09\/ferronnerie.jpg\" alt=\"\">\n<div  class=\"features-image-cards-cardtextrow\" data-type=\"column\">\n<h4  class=\"\">Ferronnerie d\u2019art<\/h4>\n<\/div>\n<\/div>\n<\/div>\n<div  class=\"features-image-cards-cardcol cp4cols cp6cols-tablet\">\n<div  class=\"features-image-cards-cardrow\"><img  decoding=\"async\" class=\"features-image-cards-featimg\" src=\"https:\/\/miroiteriemoderne.fr\/wp-content\/uploads\/2025\/09\/creation_marquise.jpg\" alt=\"\">\n<div  class=\"features-image-cards-cardtextrow\" data-type=\"column\">\n<h4  class=\"\">Cr\u00e9ation de marquise<\/h4>\n<\/div>\n<\/div>\n<\/div><div  class=\"features-image-cards-cardcol cp4cols cp6cols-tablet\">\n<div  class=\"features-image-cards-cardrow\"><img  decoding=\"async\" class=\"features-image-cards-featimg\" src=\"https:\/\/miroiteriemoderne.fr\/wp-content\/uploads\/2025\/09\/vitrine_installation.jpg\" alt=\"\">\n<div  class=\"features-image-cards-cardtextrow\" data-type=\"column\">\n<h4  class=\"\">Installation de vitrine<\/h4>\n<\/div>\n<\/div>\n<\/div><div  class=\"features-image-cards-cardcol cp4cols cp6cols-tablet\">\n<div  class=\"features-image-cards-cardrow\"><img  decoding=\"async\" class=\"features-image-cards-featimg\" src=\"https:\/\/miroiteriemoderne.fr\/wp-content\/uploads\/2025\/09\/renovation.jpg\" alt=\"\">\n<div  class=\"features-image-cards-cardtextrow\" data-type=\"column\">\n<h4  class=\"\">R\u00e9novation de fen\u00eatres en bois<\/h4>\n<\/div>\n<\/div>\n<\/div><\/div>\n<\/div>\n<\/div><div  id=\"a-propos\" class=\"about-big-images-section\" style=\"background-color: #f6f6f6;\" data-label=\"A propos\" data-id=\"about-big-images-section\" data-category=\"about\">\n<div  class=\"\">\n<div  class=\"about-big-images-textrow\">\n<div  class=\"about-big-images-textcol dynamic-color\" data-type=\"column\">\n<h3  class=\"\">Expert en <span  class=\"span25\">produits verriers.<\/span>&nbsp; \u00c9l\u00e9gance et Fonctionnalit\u00e9 pour vos Espaces<\/h3>\n<p  class=\"\">Chez La Miroiterie Moderne, nous sommes sp\u00e9cialistes de tous les travaux de vitrerie et de miroiterie. Depuis 1992, nous intervenons \u00e0 Paris et dans l\u2019Ouest parisien que ce soit pour le remplacement ou pour l\u2019installation de produits verriers.\n<br ><br >Gr\u00e2ce \u00e0 notre \u00e9quipe de vitriers miroitiers qualifi\u00e9s, nous garantissons des prestations d\u2019excellente qualit\u00e9. Agr\u00e9\u00e9e par les compagnies d\u2019assurances, notre entreprise vous offre une tranquillit\u00e9 d\u2019esprit totale.<\/p>\n<p  class=\"\"><a  class=\"button blue big\" href=\"https:\/\/miroiteriemoderne.fr\/index.php\/contact\/#page-content\" target=\"_self\" rel=\"noopener\">Je veux un devis vitrage<\/a><\/p>\n\n<\/div>\n<\/div>\n<\/div>\n<div  class=\"about-big-images-bottomrow\">\n<div  class=\"about-big-images-leftimgcol\"><img  decoding=\"async\" class=\"about-big-images-leftimg\" src=\"https:\/\/miroiteriemoderne.fr\/wp-content\/uploads\/2024\/06\/20220201_134040-scaled-pq8t50aolym9nx7tmphf2nvdbih3wybkz2mlsgnbp8.jpg\" alt=\"\"><\/div>\n<div  class=\"about-big-images-centerimgcol\"><img  decoding=\"async\" class=\"about-big-images-centerimg\" src=\"https:\/\/miroiteriemoderne.fr\/wp-content\/uploads\/2024\/06\/vitrier-miroitier-geneve.jpg\" alt=\"\"><\/div>\n<div  class=\"about-big-images-rightimgcol\"><img  decoding=\"async\" class=\"about-big-images-rightimg\" src=\"https:\/\/miroiteriemoderne.fr\/wp-content\/uploads\/2024\/06\/New-Project-2-1.jpg\" alt=\"\"><\/div>\n<\/div>\n<\/div><div  id=\"numbers\" class=\"numbers-section\" data-bg=\"transparent\" data-parallax-depth=\"20\">\n<div  class=\"gridContainer dynamic-color\">\n<div  class=\"official-info\">\n<p >Raison sociale : MMA Services\n\n<\/p><p >Nom commercial : La Miroiterie Moderne &amp; Services\n\n<\/p><p >SIRET : 93908526200011\n\n<\/p><p >RCS : 939 085 262 Nanterre\n\n<\/p><\/div>\n<\/div>\n<\/div><p >\t<\/p>","protected":false},"excerpt":{"rendered":"<p>D\u00e9pannage 24h\/24 Un bris de glace ? \u00c7a arrive ! Nous rempla\u00e7ons votre verre \u00e0 l\u2019identique vite, bien et sans prise de t\u00eate.&nbsp;&nbsp; Comment faire ? D\u00e9lais records 24h entre votre appel et un r\u00e9sultat impeccable. Appelez-nous maintenant pour avoir votre devis. En savoir plus Tarifs agr\u00e9es Nos tarifs \u00e9tant agr\u00e9\u00e9s toute assurance, il ne&hellip; <br \/> <a class=\"button small blue\" href=\"https:\/\/miroiteriemoderne.fr\/\">Lire la suite<\/a><\/p>\n","protected":false},"author":1,"featured_media":0,"parent":0,"menu_order":0,"comment_status":"closed","ping_status":"closed","template":"","meta":{"footnotes":""},"class_list":["post-5","page","type-page","status-publish","hentry"],"yoast_head":"<!-- This site is optimized with the Yoast SEO plugin v25.8 - https:\/\/yoast.com\/wordpress\/plugins\/seo\/ -->\n<title>Vitrier \u00e0 Paris et en r\u00e9gion parisienne depuis plus de 30 ans<\/title>\n<meta name=\"description\" content=\"Besoin d&#039;un vitrier en r\u00e9gion Parisienne ? Remplacement de verre rapide et efficace avec un service agr\u00e9\u00e9 toutes assurances.\" \/>\n<meta name=\"robots\" content=\"index, follow, max-snippet:-1, max-image-preview:large, max-video-preview:-1\" \/>\n<link rel=\"canonical\" href=\"https:\/\/miroiteriemoderne.fr\/\" \/>\n<meta property=\"og:locale\" content=\"fr_FR\" \/>\n<meta property=\"og:type\" content=\"article\" \/>\n<meta property=\"og:title\" content=\"Vitrier \u00e0 Paris et en r\u00e9gion parisienne depuis plus de 30 ans\" \/>\n<meta property=\"og:description\" content=\"Besoin d&#039;un vitrier en r\u00e9gion Parisienne ? Remplacement de verre rapide et efficace avec un service agr\u00e9\u00e9 toutes assurances.\" \/>\n<meta property=\"og:url\" content=\"https:\/\/miroiteriemoderne.fr\/\" \/>\n<meta property=\"og:site_name\" content=\"Vitrier Paris - Devis en ligne\" \/>\n<meta property=\"article:publisher\" content=\"https:\/\/www.facebook.com\/p\/Miroiterie-Moderne-100064033506005\/\" \/>\n<meta property=\"article:modified_time\" content=\"2026-03-01T11:11:37+00:00\" \/>\n<meta property=\"og:image\" content=\"https:\/\/miroiteriemoderne.fr\/wp-content\/uploads\/2025\/09\/pose_miroir_paris.jpg\" \/>\n<meta name=\"twitter:card\" content=\"summary_large_image\" \/>\n<meta name=\"twitter:label1\" content=\"Dur\u00e9e de lecture estim\u00e9e\" \/>\n\t<meta name=\"twitter:data1\" content=\"3 minutes\" \/>\n<script type=\"application\/ld+json\" class=\"yoast-schema-graph\">{\"@context\":\"https:\/\/schema.org\",\"@graph\":[{\"@type\":\"WebPage\",\"@id\":\"https:\/\/miroiteriemoderne.fr\/\",\"url\":\"https:\/\/miroiteriemoderne.fr\/\",\"name\":\"Vitrier \u00e0 Paris et en r\u00e9gion parisienne depuis plus de 30 ans\",\"isPartOf\":{\"@id\":\"https:\/\/miroiteriemoderne.fr\/#website\"},\"primaryImageOfPage\":{\"@id\":\"https:\/\/miroiteriemoderne.fr\/#primaryimage\"},\"image\":{\"@id\":\"https:\/\/miroiteriemoderne.fr\/#primaryimage\"},\"thumbnailUrl\":\"https:\/\/miroiteriemoderne.fr\/wp-content\/uploads\/2025\/09\/pose_miroir_paris.jpg\",\"datePublished\":\"2024-06-21T00:40:54+00:00\",\"dateModified\":\"2026-03-01T11:11:37+00:00\",\"description\":\"Besoin d'un vitrier en r\u00e9gion Parisienne ? Remplacement de verre rapide et efficace avec un service agr\u00e9\u00e9 toutes assurances.\",\"breadcrumb\":{\"@id\":\"https:\/\/miroiteriemoderne.fr\/#breadcrumb\"},\"inLanguage\":\"fr-FR\",\"potentialAction\":[{\"@type\":\"ReadAction\",\"target\":[\"https:\/\/miroiteriemoderne.fr\/\"]}]},{\"@type\":\"ImageObject\",\"inLanguage\":\"fr-FR\",\"@id\":\"https:\/\/miroiteriemoderne.fr\/#primaryimage\",\"url\":\"https:\/\/miroiteriemoderne.fr\/wp-content\/uploads\/2025\/09\/pose_miroir_paris.jpg\",\"contentUrl\":\"https:\/\/miroiteriemoderne.fr\/wp-content\/uploads\/2025\/09\/pose_miroir_paris.jpg\",\"width\":820,\"height\":546},{\"@type\":\"BreadcrumbList\",\"@id\":\"https:\/\/miroiteriemoderne.fr\/#breadcrumb\",\"itemListElement\":[{\"@type\":\"ListItem\",\"position\":1,\"name\":\"Accueil\",\"item\":\"https:\/\/miroiteriemoderne.fr\/\"},{\"@type\":\"ListItem\",\"position\":2,\"name\":\"Accueil\"}]},{\"@type\":\"WebSite\",\"@id\":\"https:\/\/miroiteriemoderne.fr\/#website\",\"url\":\"https:\/\/miroiteriemoderne.fr\/\",\"name\":\"Vitrier Paris et IDF depuis 30 ans\",\"description\":\"\",\"publisher\":{\"@id\":\"https:\/\/miroiteriemoderne.fr\/#organization\"},\"potentialAction\":[{\"@type\":\"SearchAction\",\"target\":{\"@type\":\"EntryPoint\",\"urlTemplate\":\"https:\/\/miroiteriemoderne.fr\/?s={search_term_string}\"},\"query-input\":{\"@type\":\"PropertyValueSpecification\",\"valueRequired\":true,\"valueName\":\"search_term_string\"}}],\"inLanguage\":\"fr-FR\"},{\"@type\":\"Organization\",\"@id\":\"https:\/\/miroiteriemoderne.fr\/#organization\",\"name\":\"La Miroiterie Moderne\",\"url\":\"https:\/\/miroiteriemoderne.fr\/\",\"logo\":{\"@type\":\"ImageObject\",\"inLanguage\":\"fr-FR\",\"@id\":\"https:\/\/miroiteriemoderne.fr\/#\/schema\/logo\/image\/\",\"url\":\"https:\/\/miroiteriemoderne.fr\/wp-content\/uploads\/2024\/06\/cropped-Logo-LA-miroiterie-2024-02.png\",\"contentUrl\":\"https:\/\/miroiteriemoderne.fr\/wp-content\/uploads\/2024\/06\/cropped-Logo-LA-miroiterie-2024-02.png\",\"width\":135,\"height\":128,\"caption\":\"La Miroiterie Moderne\"},\"image\":{\"@id\":\"https:\/\/miroiteriemoderne.fr\/#\/schema\/logo\/image\/\"},\"sameAs\":[\"https:\/\/www.facebook.com\/p\/Miroiterie-Moderne-100064033506005\/\",\"https:\/\/www.instagram.com\/la_miroiterie_moderne_\/\"]}]}<\/script>\n<!-- \/ Yoast SEO plugin. -->","yoast_head_json":{"title":"Vitrier \u00e0 Paris et en r\u00e9gion parisienne depuis plus de 30 ans","description":"Besoin d'un vitrier en r\u00e9gion Parisienne ? Remplacement de verre rapide et efficace avec un service agr\u00e9\u00e9 toutes assurances.","robots":{"index":"index","follow":"follow","max-snippet":"max-snippet:-1","max-image-preview":"max-image-preview:large","max-video-preview":"max-video-preview:-1"},"canonical":"https:\/\/miroiteriemoderne.fr\/","og_locale":"fr_FR","og_type":"article","og_title":"Vitrier \u00e0 Paris et en r\u00e9gion parisienne depuis plus de 30 ans","og_description":"Besoin d'un vitrier en r\u00e9gion Parisienne ? Remplacement de verre rapide et efficace avec un service agr\u00e9\u00e9 toutes assurances.","og_url":"https:\/\/miroiteriemoderne.fr\/","og_site_name":"Vitrier Paris - Devis en ligne","article_publisher":"https:\/\/www.facebook.com\/p\/Miroiterie-Moderne-100064033506005\/","article_modified_time":"2026-03-01T11:11:37+00:00","og_image":[{"url":"https:\/\/miroiteriemoderne.fr\/wp-content\/uploads\/2025\/09\/pose_miroir_paris.jpg","type":"","width":"","height":""}],"twitter_card":"summary_large_image","twitter_misc":{"Dur\u00e9e de lecture estim\u00e9e":"3 minutes"},"schema":{"@context":"https:\/\/schema.org","@graph":[{"@type":"WebPage","@id":"https:\/\/miroiteriemoderne.fr\/","url":"https:\/\/miroiteriemoderne.fr\/","name":"Vitrier \u00e0 Paris et en r\u00e9gion parisienne depuis plus de 30 ans","isPartOf":{"@id":"https:\/\/miroiteriemoderne.fr\/#website"},"primaryImageOfPage":{"@id":"https:\/\/miroiteriemoderne.fr\/#primaryimage"},"image":{"@id":"https:\/\/miroiteriemoderne.fr\/#primaryimage"},"thumbnailUrl":"https:\/\/miroiteriemoderne.fr\/wp-content\/uploads\/2025\/09\/pose_miroir_paris.jpg","datePublished":"2024-06-21T00:40:54+00:00","dateModified":"2026-03-01T11:11:37+00:00","description":"Besoin d'un vitrier en r\u00e9gion Parisienne ? Remplacement de verre rapide et efficace avec un service agr\u00e9\u00e9 toutes assurances.","breadcrumb":{"@id":"https:\/\/miroiteriemoderne.fr\/#breadcrumb"},"inLanguage":"fr-FR","potentialAction":[{"@type":"ReadAction","target":["https:\/\/miroiteriemoderne.fr\/"]}]},{"@type":"ImageObject","inLanguage":"fr-FR","@id":"https:\/\/miroiteriemoderne.fr\/#primaryimage","url":"https:\/\/miroiteriemoderne.fr\/wp-content\/uploads\/2025\/09\/pose_miroir_paris.jpg","contentUrl":"https:\/\/miroiteriemoderne.fr\/wp-content\/uploads\/2025\/09\/pose_miroir_paris.jpg","width":820,"height":546},{"@type":"BreadcrumbList","@id":"https:\/\/miroiteriemoderne.fr\/#breadcrumb","itemListElement":[{"@type":"ListItem","position":1,"name":"Accueil","item":"https:\/\/miroiteriemoderne.fr\/"},{"@type":"ListItem","position":2,"name":"Accueil"}]},{"@type":"WebSite","@id":"https:\/\/miroiteriemoderne.fr\/#website","url":"https:\/\/miroiteriemoderne.fr\/","name":"Vitrier Paris et IDF depuis 30 ans","description":"","publisher":{"@id":"https:\/\/miroiteriemoderne.fr\/#organization"},"potentialAction":[{"@type":"SearchAction","target":{"@type":"EntryPoint","urlTemplate":"https:\/\/miroiteriemoderne.fr\/?s={search_term_string}"},"query-input":{"@type":"PropertyValueSpecification","valueRequired":true,"valueName":"search_term_string"}}],"inLanguage":"fr-FR"},{"@type":"Organization","@id":"https:\/\/miroiteriemoderne.fr\/#organization","name":"La Miroiterie Moderne","url":"https:\/\/miroiteriemoderne.fr\/","logo":{"@type":"ImageObject","inLanguage":"fr-FR","@id":"https:\/\/miroiteriemoderne.fr\/#\/schema\/logo\/image\/","url":"https:\/\/miroiteriemoderne.fr\/wp-content\/uploads\/2024\/06\/cropped-Logo-LA-miroiterie-2024-02.png","contentUrl":"https:\/\/miroiteriemoderne.fr\/wp-content\/uploads\/2024\/06\/cropped-Logo-LA-miroiterie-2024-02.png","width":135,"height":128,"caption":"La Miroiterie Moderne"},"image":{"@id":"https:\/\/miroiteriemoderne.fr\/#\/schema\/logo\/image\/"},"sameAs":["https:\/\/www.facebook.com\/p\/Miroiterie-Moderne-100064033506005\/","https:\/\/www.instagram.com\/la_miroiterie_moderne_\/"]}]}},"_links":{"self":[{"href":"https:\/\/miroiteriemoderne.fr\/index.php\/wp-json\/wp\/v2\/pages\/5","targetHints":{"allow":["GET"]}}],"collection":[{"href":"https:\/\/miroiteriemoderne.fr\/index.php\/wp-json\/wp\/v2\/pages"}],"about":[{"href":"https:\/\/miroiteriemoderne.fr\/index.php\/wp-json\/wp\/v2\/types\/page"}],"author":[{"embeddable":true,"href":"https:\/\/miroiteriemoderne.fr\/index.php\/wp-json\/wp\/v2\/users\/1"}],"replies":[{"embeddable":true,"href":"https:\/\/miroiteriemoderne.fr\/index.php\/wp-json\/wp\/v2\/comments?post=5"}],"version-history":[{"count":120,"href":"https:\/\/miroiteriemoderne.fr\/index.php\/wp-json\/wp\/v2\/pages\/5\/revisions"}],"predecessor-version":[{"id":487,"href":"https:\/\/miroiteriemoderne.fr\/index.php\/wp-json\/wp\/v2\/pages\/5\/revisions\/487"}],"wp:attachment":[{"href":"https:\/\/miroiteriemoderne.fr\/index.php\/wp-json\/wp\/v2\/media?parent=5"}],"curies":[{"name":"wp","href":"https:\/\/api.w.org\/{rel}","templated":true}]}}